{"id":5986,"date":"2023-03-24T12:02:38","date_gmt":"2023-03-24T12:02:38","guid":{"rendered":"https:\/\/www.conwyvalleynorthwalescoast.com\/privacy-policy\/"},"modified":"2024-03-25T11:31:36","modified_gmt":"2024-03-25T11:31:36","slug":"privacy-policy","status":"publish","type":"page","link":"https:\/\/www.conwyvalleynorthwalescoast.com\/cy\/privacy-policy\/","title":{"rendered":"Rhybudd Preifatrwydd"},"content":{"rendered":"\n<h2 class=\"wp-block-heading\">Dyddiad Diweddaru Diwethaf 21 Mawrth 2024\u00a0Dyddiad y daw i rym 21 Mawrth 2024<\/h2>\n\n\n\n<p>Mae\u2019r Rhybudd Preifatrwydd hwn yn disgrifio polis\u00efau Partneriaeth Rheilffordd Gymunedol Dyffryn Conwy ac Arfordir Gogledd Cymru, a\u2019r sefydliad sy\u2019n ei chynnal sef Groundwork Gogledd Cymru, 3-4 Plas Power, Tanyfron, Southsea, Wrecsam LL11 5SZ, Teyrnas Unedig Prydain Fawr a Gogledd Iwerddon, ebost: <a href=\"mailto:hello@conwyvalleynorthwalescoast.com\">hello@conwyvalleynorthwalescoast.com<\/a>, rhif ff\u00f4n: <a href=\"tel:01978757524\">01978 757524<\/a> yngl\u0177n \u00e2 pha wybodaeth bersonol rydym yn ei chasglu, ei defnyddio a\u2019i datgelu amdanoch chi pan fyddwch yn defnyddio ein gwefan (<a href=\"https:\/\/www.conwyvalleynorthwalescoast.com\">https:\/\/www.conwyvalleynorthwalescoast.com<\/a>). (y \u201cGwasanaeth\u201d). Trwy gyrchu neu ddefnyddio\u2019r Gwasanaeth, rydych yn rhoi caniat\u00e2d i ni gasglu, defnyddio a datgelu eich gwybodaeth yn unol \u00e2\u2019r Rhybudd Preifatrwydd hwn. Os nad ydych yn cydsynio i hyn, peidiwch \u00e2 chyrchu neu ddefnyddio\u2019r Gwasanaeth.<\/p>\n\n\n\n<p>Gallwn addasu\u2019r Rhybudd Preifatrwydd hwn ar unrhyw adeg heb roi rhybudd ymlaen llaw i chi a byddwn yn postio\u2019r Rhybudd Preifatrwydd diwygiedig ar y Gwasanaeth. Bydd y Rhybudd diwygiedig yn dod i rym 180 diwrnod ar \u00f4l y dyddiad pan cafodd y Rhybudd diwygiedig ei bostio ar y Gwasanaeth ac os byddwch yn parhau i gyrchu neu ddefnyddio\u2019r Gwasanaeth ar \u00f4l yr adeg hon, bydd hynny\u2019n golygu eich bod yn derbyn y Rhybudd Preifatrwydd diwygiedig. Rydym felly yn argymell eich bod yn edrych ar y dudalen hon o bryd i\u2019w gilydd.<\/p>\n\n\n\n<h3 class=\"wp-block-heading\">1. Gwybodaeth rydym yn ei chasglu amdanoch:<\/h3>\n\n\n\n<p>Byddwn yn casglu ac yn prosesu\u2019r wybodaeth bersonol ganlynol amdanoch chi:<\/p>\n\n\n\n<ol class=\"wp-block-list\">\n<li>Eich enw<\/li>\n\n\n\n<li>Eich cyfeiriad e-bost<\/li>\n<\/ol>\n\n\n\n<h3 class=\"wp-block-heading\">2. Sut rydym yn defnyddio\u2019r wybodaeth rydym yn ei chasglu amdanoch chi:<\/h3>\n\n\n\n<p>Byddwn yn defnyddio\u2019r wybodaeth rydym yn ei chasglu amdanoch chi at y dibenion canlynol:<\/p>\n\n\n\n<ol class=\"wp-block-list\">\n<li>Casglu adborth cwsmeriaid<\/li>\n\n\n\n<li>Cymorth<\/li>\n<\/ol>\n\n\n\n<p>Os bydd angen i ni ddefnyddio\u2019r wybodaeth amdanoch am unrhyw ddiben arall, byddwn yn gofyn i chi gydsynio i hyn a byddwn yn defnyddio eich wybodaeth dim ond ar \u00f4l i ni dderbyn caniat\u00e2d gennych, a hynny at y diben\/dibenion y rhoddwyd caniat\u00e2d ar ei gyfer\/eu cyfer yn unig, oni bai ei bod yn ofynnol i ni wneud hynny yn \u00f4l y gyfraith.<\/p>\n\n\n\n<h3 class=\"wp-block-heading\">3. Sut rydym yn rhannu eich gwybodaeth bersonol:<\/h3>\n\n\n\n<p>Ni fyddwn yn trosglwyddo eich gwybodaeth bersonol i unrhyw drydydd parti heb eich caniat\u00e2d, ac eithrio yn yr amgylchiadau a ddisgrifir isod:<\/p>\n\n\n\n<ol class=\"wp-block-list\">\n<li>Gwasanaeth hysbysebion<\/li>\n\n\n\n<li>Dadansoddi<\/li>\n<\/ol>\n\n\n\n<p>Mae\u2019n rhaid i drydydd part\u00efon o\u2019r fath ddefnyddio\u2019r wybodaeth bersonol rydym yn ei throsglwyddo iddynt at y diben y cafodd ei throsglwyddo yn unig, ac ni chaniateir iddynt gadw\u2019r wybodaeth am gyfnod hirach na\u2019r hyn sy\u2019n angenrheidiol er mwyn bodloni\u2019r diben hwnnw.<\/p>\n\n\n\n<p>Gallwn hefyd ddatgelu eich gwybodaeth bersonol at y dibenion canlynol: (1) cydymffurfio \u00e2\u2019r gyfraith, rheoliadau, gorchymyn llys neu broses gyfreithiol gymwys arall; (2) gorfodi eich cytundebau \u00e2 ni, gan gynnwys y Rhybudd Preifatrwydd hwn; neu (3) ymateb i honiadau bod eich defnydd o\u2019r Gwasanaeth yn torri hawliau unrhyw drydydd parti. Os bydd y Gwasanaeth neu ein cwmni yn uno \u00e2 chwmni arall neu\u2019n cael ei brynu gan gwmni arall, eich gwybodaeth bersonol fydd un o\u2019r asedau a gaiff ei drosglwyddo i\u2019r perchennog newydd.<\/p>\n\n\n\n<h3 class=\"wp-block-heading\">4. Cadw eich Gwybodaeth:<\/h3>\n\n\n\n<p>Byddwn yn cadw eich gwybodaeth bersonol am rhwng 90 diwrnod a 2 flynedd neu gyhyd ag y bydd ei hangen arnom i fodloni\u2019r dibenion y cafodd ei chasglu ar eu cyfer, fel y nodir yn y Rhybudd Preifatrwydd hwn. Mae\u2019n bosibl y bydd angen i ni gadw gwybodaeth benodol am gyfnodau hirach er mwyn cadw cofnodion \/ adrodd yn unol \u00e2 chyfraith gymwys neu am unrhyw resymau cyfreithlon eraill fel gorfodi hawliau cyfreithiol, atal twyll, ac ati. Gall gwybodaeth anhysbys weddilliol a gwybodaeth a gydgesglir, nad yw\u2019n datgelu pwy ydych chi (yn uniongyrchol neu\u2019n anuniongyrchol), gael ei storio am gyfnod amhenodol.<\/p>\n\n\n\n<p>Cedwir eich gwybodaeth bersonol yn ddiogel ar system rheoli data\u2019r sefydliad ac ar systemau TG eraill, gan gynnwys system e-bost y sefydliad. Mae gan Groundwork Gogledd Cymru, y sefydliad sy\u2019n cynnal y Bartneriaeth, gymhwyster Cyber Essential cyfredol. Rydym wedi rhoi mesurau diogelwch priodol ar waith i atal eich gwybodaeth bersonol rhag cael ei cholli\u2019n ddamweiniol, ei defnyddio neu ei chyrchu mewn unrhyw ffordd anawdurdodedig, neu ei haddasu neu\u2019i datgelu. At hyn, mae mynediad at eich gwybodaeth wedi\u2019i gyfyngu i bobl y mae angen iddynt ei gweld am resymau busnes yn unig.<\/p>\n\n\n\n<h3 class=\"wp-block-heading\">5. Eich hawliau:<\/h3>\n\n\n\n<p>Yn dibynnu ar y gyfraith gymwys, efallai bydd gennych hawl i gael mynediad at eich data personol ac i gywiro neu ddileu eich data personol neu dderbyn copi o\u2019ch data personol, er mwyn cyfyngu ar neu wrthod prosesu gweithredol eich data, gofyn i ni rannu (porth) eich gwybodaeth bersonol i endid arall, tynnu unrhyw ganiat\u00e2d yn \u00f4l y gwnaethoch ei roi i ni i brosesu eich data, hawl i gwyno i awdurdod statudol a hawliau eraill a all fod yn berthnasol o dan gyfreithiau cymwys. I arfer yr hawliau hyn, gallwch gysylltu \u00e2 ni yn\u00a0<a href=\"mailto:hello@conwyvalleynorthwalescoast.com\">hello@conwyvalleynorthwalescoast.com<\/a>. Byddwn yn ymateb i\u2019ch cais yn unol \u00e2 chyfraith gymwys.<\/p>\n\n\n\n<p>Sylwch, os na fyddwch yn rhoi caniat\u00e2d i ni gasglu neu brosesu\u2019r wybodaeth bersonol ofynnol neu os byddwch yn tynnu\u2019n \u00f4l y caniat\u00e2d i\u2019w phrosesu i\u2019r dibenion gofynnol, efallai na fyddwch yn gallu defnyddio na chael mynediad at y gwasanaethau lle gofynnwyd am eich gwybodaeth.<\/p>\n\n\n\n<h3 class=\"wp-block-heading\">6. Cwcis, ac ati<\/h3>\n\n\n\n<p>I gael rhagor o wybodaeth am sut rydym yn defnyddio cwcis a\u2019ch dewisiadau o ran y technolegau olrhain hyn, cyfeiriwch at ein Polisi Cwcis.<\/p>\n\n\n\n<h3 class=\"wp-block-heading\">7. Diogelwch:<\/h3>\n\n\n\n<p>Mae diogelwch eich gwybodaeth yn bwysig i ni a byddwn yn cymryd camau diogelwch rhesymol i geisio sicrhau na fydd yr wybodaeth bersonol amdanoch sydd o dan ein rheolaeth yn cael ei cholli, ei chamddefnyddio neu ei newid heb awdurdod. Fodd bynnag, o ystyried y risgiau cysylltiedig, ni allwn warantu diogelwch absoliwt ac o ganlyniad, ni allwn sicrhau na gwarantu diogelwch unrhyw wybodaeth rydych yn ei throsglwyddo i ni ac rydych yn gwneud hynny ar eich menter eich hun.<\/p>\n\n\n\n<h3 class=\"wp-block-heading\">8. Cysylltiadau \u00e2 Thrydydd Part\u00efon a Defnydd o\u2019ch Gwybodaeth:<\/h3>\n\n\n\n<p>Gall ein Gwasanaeth gynnwys cysylltiadau at wefannau eraill nad ydym yn eu gweithredu. Nid yw\u2019r Rhybudd Preifatrwydd hwn yn ymwneud \u00e2 rhybuddion\/polis\u00efau preifatrwydd ac arferion eraill unrhyw drydydd part\u00efon, gan gynnwys y trydydd parti sy\u2019n gweithredu unrhyw wefan neu wasanaeth y gellir gael mynediad ato drwy gyswllt ar y Gwasanaeth. Rydym yn eich cynghori\u2019n gryf i ddarllen rhybudd\/ polisi preifatrwydd bob safle y byddwch yn ymweld ag ef. Nid oes gennym reolaeth dros gynnwys, polis\u00efau neu arferion preifatrwydd unrhyw safleoedd neu wasanaethau trydydd part\u00efon ac ni ydym yn ysgwyddo unrhyw gyfrifoldeb amdanynt.<\/p>\n\n\n\n<h3 class=\"wp-block-heading\">9. Cysylltu \u00e2 ni yngl\u0177n \u00e2\u2019ch gwybodaeth<\/h3>\n\n\n\n<p>Os hoffech wneud y canlynol:&nbsp;<\/p>\n\n\n\n<ul class=\"wp-block-list\">\n<li>cael rhagor o wybodaeth am sut rydym yn prosesu eich gwybodaeth bersonol<\/li>\n\n\n\n<li>gwneud ymholiad yngl\u0177n \u00e2\u2019ch gwybodaeth \u2013 er enghraifft, gofyn am copi o\u2019ch gwybodaeth neu ofyn am newid eich gwybodaeth&nbsp;<\/li>\n<\/ul>\n\n\n\n<p>Cysylltwch \u00e2 ni yn y cyfeiriadau canlynol: Partneriaeth Rheilffordd Gymunedol Dyffryn Conwy ac Arfordir Gogledd Cymru, Groundwork Gogledd Cymru, 3-4 Plas Power, Tanyfron, Wrecsam LL11 5SZ, rhif ff\u00f4n 01978 757524 neu e-bost:&nbsp;<a href=\"mailto:hello@conwyvalleynorthwalescoast.com\">hello@conwyvalleynorthwalescoast.com<\/a>.<\/p>\n\n\n\n<div style=\"height:50px\" aria-hidden=\"true\" class=\"wp-block-spacer\"><\/div>\n","protected":false},"excerpt":{"rendered":"<p>Dyddiad Diweddaru Diwethaf 21 Mawrth 2024\u00a0Dyddiad y daw i rym 21 Mawrth 2024 Mae\u2019r Rhybudd Preifatrwydd hwn yn disgrifio polis\u00efau Partneriaeth Rheilffordd Gymunedol Dyffryn Conwy ac Arfordir Gogledd Cymru, a\u2019r sefydliad sy\u2019n ei chynnal sef Groundwork Gogledd Cymru, 3-4 Plas Power, Tanyfron, Southsea, Wrecsam LL11 5SZ, Teyrnas Unedig Prydain Fawr a Gogledd Iwerddon, ebost: hello@conwyvalleynorthwalescoast.com, [&hellip;]<\/p>\n","protected":false},"author":1,"featured_media":0,"parent":0,"menu_order":0,"comment_status":"closed","ping_status":"closed","template":"","meta":{"cybocfi_hide_featured_image":"","footnotes":""},"class_list":["post-5986","page","type-page","status-publish","hentry"],"blocksy_meta":{"disable_featured_image":"no","styles_descriptor":{"styles":{"desktop":"[data-prefix=\"single_page\"] .entry-header .page-title {--theme-font-size:48px;--theme-heading-color:var(--theme-palette-color-4);} [data-prefix=\"single_page\"] .entry-header .entry-meta {--theme-font-weight:600;--theme-text-transform:uppercase;--theme-font-size:12px;--theme-line-height:1.3;}","tablet":"","mobile":""},"google_fonts":{"Open Sans":["n4","n6"]},"version":6},"disable_header":"no","has_hero_section":"enabled","hero_section":"type-1","hero_elements":[{"id":"custom_title","enabled":true,"heading_tag":"h1","title":"Home","__id":"DxioszcfspASLZb_3V480"},{"id":"custom_description","enabled":false,"description_visibility":{"desktop":true,"tablet":true,"mobile":false},"__id":"MQKeKfiAzQq5Gvd-drCTu"},{"id":"custom_meta","enabled":false,"meta_elements":[{"id":"author","enabled":true,"label":"By","has_author_avatar":"yes","avatar_size":25},{"id":"post_date","enabled":true,"label":"On","date_format_source":"default","date_format":"M j, Y"},{"id":"updated_date","enabled":false,"label":"On","date_format_source":"default","date_format":"M j, Y"},{"id":"categories","enabled":false,"label":"In","style":"simple"},{"id":"comments","enabled":true}],"page_meta_elements":{"joined":true,"articles_count":true,"comments":true},"__id":"WCddZ9n3NEk9CPf6cW_2F"},{"id":"breadcrumbs","enabled":false,"__id":"Twl3vAQpraGmMdijzdG2_"},{"id":"content-block","enabled":false,"__id":"eXiDJFfBTI-i0OOAWwmKM"}],"pageTitleFontColor":{"default":{"color":"var(--theme-palette-color-4)"}},"pageTitleFont":{"family":"Default","variation":"Default","size":{"desktop":"48px","tablet":"48px","mobile":"48px","__changed":["mobile"]},"line-height":"CT_CSS_SKIP_RULE","letter-spacing":"CT_CSS_SKIP_RULE","text-transform":"CT_CSS_SKIP_RULE","text-decoration":"CT_CSS_SKIP_RULE"}},"yoast_head":"<!-- This site is optimized with the Yoast SEO plugin v23.6 - https:\/\/yoast.com\/wordpress\/plugins\/seo\/ -->\n<title>Rhybudd Preifatrwydd - Conwy Valley and North West Wales Coast Community Rail Partnership<\/title>\n<meta name=\"robots\" content=\"index, follow, max-snippet:-1, max-image-preview:large, max-video-preview:-1\" \/>\n<link rel=\"canonical\" href=\"https:\/\/www.conwyvalleynorthwalescoast.com\/cy\/privacy-policy\/\" \/>\n<meta property=\"og:locale\" content=\"cy_GB\" \/>\n<meta property=\"og:type\" content=\"article\" \/>\n<meta property=\"og:title\" content=\"Rhybudd Preifatrwydd - Conwy Valley and North West Wales Coast Community Rail Partnership\" \/>\n<meta property=\"og:description\" content=\"Dyddiad Diweddaru Diwethaf 21 Mawrth 2024\u00a0Dyddiad y daw i rym 21 Mawrth 2024 Mae\u2019r Rhybudd Preifatrwydd hwn yn disgrifio polis\u00efau Partneriaeth Rheilffordd Gymunedol Dyffryn Conwy ac Arfordir Gogledd Cymru, a\u2019r sefydliad sy\u2019n ei chynnal sef Groundwork Gogledd Cymru, 3-4 Plas Power, Tanyfron, Southsea, Wrecsam LL11 5SZ, Teyrnas Unedig Prydain Fawr a Gogledd Iwerddon, ebost: hello@conwyvalleynorthwalescoast.com, [&hellip;]\" \/>\n<meta property=\"og:url\" content=\"https:\/\/www.conwyvalleynorthwalescoast.com\/cy\/privacy-policy\/\" \/>\n<meta property=\"og:site_name\" content=\"Conwy Valley and North West Wales Coast Community Rail Partnership\" \/>\n<meta property=\"article:publisher\" content=\"https:\/\/www.facebook.com\/RheilfforddDyffrynConwyConwyValleyRailway\" \/>\n<meta property=\"article:modified_time\" content=\"2024-03-25T11:31:36+00:00\" \/>\n<meta name=\"twitter:card\" content=\"summary_large_image\" \/>\n<meta name=\"twitter:label1\" content=\"Est. reading time\" \/>\n\t<meta name=\"twitter:data1\" content=\"5 minutes\" \/>\n<script type=\"application\/ld+json\" class=\"yoast-schema-graph\">{\"@context\":\"https:\/\/schema.org\",\"@graph\":[{\"@type\":\"WebPage\",\"@id\":\"https:\/\/www.conwyvalleynorthwalescoast.com\/cy\/privacy-policy\/\",\"url\":\"https:\/\/www.conwyvalleynorthwalescoast.com\/cy\/privacy-policy\/\",\"name\":\"Rhybudd Preifatrwydd - Conwy Valley and North West Wales Coast Community Rail Partnership\",\"isPartOf\":{\"@id\":\"https:\/\/www.conwyvalleynorthwalescoast.com\/#website\"},\"datePublished\":\"2023-03-24T12:02:38+00:00\",\"dateModified\":\"2024-03-25T11:31:36+00:00\",\"breadcrumb\":{\"@id\":\"https:\/\/www.conwyvalleynorthwalescoast.com\/cy\/privacy-policy\/#breadcrumb\"},\"inLanguage\":\"cy-GB\",\"potentialAction\":[{\"@type\":\"ReadAction\",\"target\":[\"https:\/\/www.conwyvalleynorthwalescoast.com\/cy\/privacy-policy\/\"]}]},{\"@type\":\"BreadcrumbList\",\"@id\":\"https:\/\/www.conwyvalleynorthwalescoast.com\/cy\/privacy-policy\/#breadcrumb\",\"itemListElement\":[{\"@type\":\"ListItem\",\"position\":1,\"name\":\"Home\",\"item\":\"https:\/\/www.conwyvalleynorthwalescoast.com\/cy\/\"},{\"@type\":\"ListItem\",\"position\":2,\"name\":\"Rhybudd Preifatrwydd\"}]},{\"@type\":\"WebSite\",\"@id\":\"https:\/\/www.conwyvalleynorthwalescoast.com\/#website\",\"url\":\"https:\/\/www.conwyvalleynorthwalescoast.com\/\",\"name\":\"Conwy Valley and North West Wales Coast Community Rail Partnership\",\"description\":\"The Conwy Valley Railway is a beautiful picturesque journey between the Queen of Welsh Resorts, Llandudno &amp; the Slate Town of Adventure, Blaenau Ffestiniog.\",\"publisher\":{\"@id\":\"https:\/\/www.conwyvalleynorthwalescoast.com\/#organization\"},\"potentialAction\":[{\"@type\":\"SearchAction\",\"target\":{\"@type\":\"EntryPoint\",\"urlTemplate\":\"https:\/\/www.conwyvalleynorthwalescoast.com\/?s={search_term_string}\"},\"query-input\":{\"@type\":\"PropertyValueSpecification\",\"valueRequired\":true,\"valueName\":\"search_term_string\"}}],\"inLanguage\":\"cy-GB\"},{\"@type\":\"Organization\",\"@id\":\"https:\/\/www.conwyvalleynorthwalescoast.com\/#organization\",\"name\":\"Conwy Valley and North West Wales Coast Community Rail Partnership\",\"url\":\"https:\/\/www.conwyvalleynorthwalescoast.com\/\",\"logo\":{\"@type\":\"ImageObject\",\"inLanguage\":\"cy-GB\",\"@id\":\"https:\/\/www.conwyvalleynorthwalescoast.com\/#\/schema\/logo\/image\/\",\"url\":\"https:\/\/www.conwyvalleynorthwalescoast.com\/wp-content\/uploads\/2024\/01\/CVNWC-full-track-logo.webp\",\"contentUrl\":\"https:\/\/www.conwyvalleynorthwalescoast.com\/wp-content\/uploads\/2024\/01\/CVNWC-full-track-logo.webp\",\"width\":531,\"height\":226,\"caption\":\"Conwy Valley and North West Wales Coast Community Rail Partnership\"},\"image\":{\"@id\":\"https:\/\/www.conwyvalleynorthwalescoast.com\/#\/schema\/logo\/image\/\"},\"sameAs\":[\"https:\/\/www.facebook.com\/RheilfforddDyffrynConwyConwyValleyRailway\"]}]}<\/script>\n<!-- \/ Yoast SEO plugin. -->","yoast_head_json":{"title":"Rhybudd Preifatrwydd - Conwy Valley and North West Wales Coast Community Rail Partnership","robots":{"index":"index","follow":"follow","max-snippet":"max-snippet:-1","max-image-preview":"max-image-preview:large","max-video-preview":"max-video-preview:-1"},"canonical":"https:\/\/www.conwyvalleynorthwalescoast.com\/cy\/privacy-policy\/","og_locale":"cy_GB","og_type":"article","og_title":"Rhybudd Preifatrwydd - Conwy Valley and North West Wales Coast Community Rail Partnership","og_description":"Dyddiad Diweddaru Diwethaf 21 Mawrth 2024\u00a0Dyddiad y daw i rym 21 Mawrth 2024 Mae\u2019r Rhybudd Preifatrwydd hwn yn disgrifio polis\u00efau Partneriaeth Rheilffordd Gymunedol Dyffryn Conwy ac Arfordir Gogledd Cymru, a\u2019r sefydliad sy\u2019n ei chynnal sef Groundwork Gogledd Cymru, 3-4 Plas Power, Tanyfron, Southsea, Wrecsam LL11 5SZ, Teyrnas Unedig Prydain Fawr a Gogledd Iwerddon, ebost: hello@conwyvalleynorthwalescoast.com, [&hellip;]","og_url":"https:\/\/www.conwyvalleynorthwalescoast.com\/cy\/privacy-policy\/","og_site_name":"Conwy Valley and North West Wales Coast Community Rail Partnership","article_publisher":"https:\/\/www.facebook.com\/RheilfforddDyffrynConwyConwyValleyRailway","article_modified_time":"2024-03-25T11:31:36+00:00","twitter_card":"summary_large_image","twitter_misc":{"Est. reading time":"5 minutes"},"schema":{"@context":"https:\/\/schema.org","@graph":[{"@type":"WebPage","@id":"https:\/\/www.conwyvalleynorthwalescoast.com\/cy\/privacy-policy\/","url":"https:\/\/www.conwyvalleynorthwalescoast.com\/cy\/privacy-policy\/","name":"Rhybudd Preifatrwydd - Conwy Valley and North West Wales Coast Community Rail Partnership","isPartOf":{"@id":"https:\/\/www.conwyvalleynorthwalescoast.com\/#website"},"datePublished":"2023-03-24T12:02:38+00:00","dateModified":"2024-03-25T11:31:36+00:00","breadcrumb":{"@id":"https:\/\/www.conwyvalleynorthwalescoast.com\/cy\/privacy-policy\/#breadcrumb"},"inLanguage":"cy-GB","potentialAction":[{"@type":"ReadAction","target":["https:\/\/www.conwyvalleynorthwalescoast.com\/cy\/privacy-policy\/"]}]},{"@type":"BreadcrumbList","@id":"https:\/\/www.conwyvalleynorthwalescoast.com\/cy\/privacy-policy\/#breadcrumb","itemListElement":[{"@type":"ListItem","position":1,"name":"Home","item":"https:\/\/www.conwyvalleynorthwalescoast.com\/cy\/"},{"@type":"ListItem","position":2,"name":"Rhybudd Preifatrwydd"}]},{"@type":"WebSite","@id":"https:\/\/www.conwyvalleynorthwalescoast.com\/#website","url":"https:\/\/www.conwyvalleynorthwalescoast.com\/","name":"Conwy Valley and North West Wales Coast Community Rail Partnership","description":"The Conwy Valley Railway is a beautiful picturesque journey between the Queen of Welsh Resorts, Llandudno &amp; the Slate Town of Adventure, Blaenau Ffestiniog.","publisher":{"@id":"https:\/\/www.conwyvalleynorthwalescoast.com\/#organization"},"potentialAction":[{"@type":"SearchAction","target":{"@type":"EntryPoint","urlTemplate":"https:\/\/www.conwyvalleynorthwalescoast.com\/?s={search_term_string}"},"query-input":{"@type":"PropertyValueSpecification","valueRequired":true,"valueName":"search_term_string"}}],"inLanguage":"cy-GB"},{"@type":"Organization","@id":"https:\/\/www.conwyvalleynorthwalescoast.com\/#organization","name":"Conwy Valley and North West Wales Coast Community Rail Partnership","url":"https:\/\/www.conwyvalleynorthwalescoast.com\/","logo":{"@type":"ImageObject","inLanguage":"cy-GB","@id":"https:\/\/www.conwyvalleynorthwalescoast.com\/#\/schema\/logo\/image\/","url":"https:\/\/www.conwyvalleynorthwalescoast.com\/wp-content\/uploads\/2024\/01\/CVNWC-full-track-logo.webp","contentUrl":"https:\/\/www.conwyvalleynorthwalescoast.com\/wp-content\/uploads\/2024\/01\/CVNWC-full-track-logo.webp","width":531,"height":226,"caption":"Conwy Valley and North West Wales Coast Community Rail Partnership"},"image":{"@id":"https:\/\/www.conwyvalleynorthwalescoast.com\/#\/schema\/logo\/image\/"},"sameAs":["https:\/\/www.facebook.com\/RheilfforddDyffrynConwyConwyValleyRailway"]}]}},"_links":{"self":[{"href":"https:\/\/www.conwyvalleynorthwalescoast.com\/cy\/wp-json\/wp\/v2\/pages\/5986","targetHints":{"allow":["GET"]}}],"collection":[{"href":"https:\/\/www.conwyvalleynorthwalescoast.com\/cy\/wp-json\/wp\/v2\/pages"}],"about":[{"href":"https:\/\/www.conwyvalleynorthwalescoast.com\/cy\/wp-json\/wp\/v2\/types\/page"}],"author":[{"embeddable":true,"href":"https:\/\/www.conwyvalleynorthwalescoast.com\/cy\/wp-json\/wp\/v2\/users\/1"}],"replies":[{"embeddable":true,"href":"https:\/\/www.conwyvalleynorthwalescoast.com\/cy\/wp-json\/wp\/v2\/comments?post=5986"}],"version-history":[{"count":2,"href":"https:\/\/www.conwyvalleynorthwalescoast.com\/cy\/wp-json\/wp\/v2\/pages\/5986\/revisions"}],"predecessor-version":[{"id":5989,"href":"https:\/\/www.conwyvalleynorthwalescoast.com\/cy\/wp-json\/wp\/v2\/pages\/5986\/revisions\/5989"}],"wp:attachment":[{"href":"https:\/\/www.conwyvalleynorthwalescoast.com\/cy\/wp-json\/wp\/v2\/media?parent=5986"}],"curies":[{"name":"wp","href":"https:\/\/api.w.org\/{rel}","templated":true}]}}